{"id":85,"date":"2024-09-30T15:15:43","date_gmt":"2024-09-30T13:15:43","guid":{"rendered":"https:\/\/www.royaltiz-critique.com\/?page_id=85"},"modified":"2024-10-11T14:33:08","modified_gmt":"2024-10-11T12:33:08","slug":"comment-fonctionne-royaltiz","status":"publish","type":"page","link":"https:\/\/www.royaltiz-critique.com\/index.php\/comment-fonctionne-royaltiz\/","title":{"rendered":"Comment fonctionne royaltiz ?"},"content":{"rendered":"<p>[et_pb_section fb_built=&#8221;1&#8243; admin_label=&#8221;Feature&#8221; _builder_version=&#8221;4.16&#8243; background_color=&#8221;#000000&#8243; saved_tabs=&#8221;all&#8221; locked=&#8221;off&#8221; collapsed=&#8221;on&#8221; global_colors_info=&#8221;{}&#8221;][et_pb_row column_structure=&#8221;1_2,1_2&#8243; _builder_version=&#8221;4.22.0&#8243; global_colors_info=&#8221;{}&#8221;][et_pb_column type=&#8221;1_2&#8243; _builder_version=&#8221;4.21.0&#8243; global_colors_info=&#8221;{}&#8221;][et_pb_image src=&#8221;http:\/\/www.royaltiz-critique.com\/wp-content\/uploads\/2024\/10\/Plan-de-travail-2-copie-4.png&#8221; title_text=&#8221;Plan de travail 2 copie 4&#8243; _builder_version=&#8221;4.27.0&#8243; global_colors_info=&#8221;{}&#8221;][\/et_pb_image][\/et_pb_column][et_pb_column type=&#8221;1_2&#8243; _builder_version=&#8221;4.22.0&#8243; custom_padding=&#8221;60px||||false|false&#8221; custom_padding_tablet=&#8221;0px||||false|false&#8221; custom_padding_phone=&#8221;0vw||||false|false&#8221; custom_padding_last_edited=&#8221;on|desktop&#8221; global_colors_info=&#8221;{}&#8221;][et_pb_text _builder_version=&#8221;4.22.0&#8243; header_2_font=&#8221;Anton|||on|||||&#8221; header_2_text_color=&#8221;#FFFFFF&#8221; header_2_font_size=&#8221;60px&#8221; header_2_letter_spacing=&#8221;1px&#8221; header_2_line_height=&#8221;1.2em&#8221; custom_margin=&#8221;||10px||false|false&#8221; header_2_font_size_tablet=&#8221;32px&#8221; header_2_font_size_phone=&#8221;20px&#8221; header_2_font_size_last_edited=&#8221;on|desktop&#8221; global_colors_info=&#8221;{}&#8221;]<\/p>\n<h2><span data-token-index=\"0\" class=\"notion-enable-hover\">Comprendre le fonctionnement de royaltiz <\/span><!-- notionvc: 132e5f94-d62b-420b-aa0c-69e78fb0cf98 --><br \/><!-- notionvc: b8a9adac-4efb-4a08-b7c2-020f3aa87e9b --><\/h2>\n<p>[\/et_pb_text][et_pb_text _builder_version=&#8221;4.22.0&#8243; text_font=&#8221;Inter||||||||&#8221; text_text_color=&#8221;rgba(255,255,255,0.7)&#8221; text_font_size=&#8221;16px&#8221; text_line_height=&#8221;1.8em&#8221; text_font_size_tablet=&#8221;15px&#8221; text_font_size_phone=&#8221;14px&#8221; text_font_size_last_edited=&#8221;on|desktop&#8221; global_colors_info=&#8221;{}&#8221;]<\/p>\n<p>En tant qu&#8217;utilisateur de royaltiz, j&#8217;ai eu l&#8217;occasion de tester et d&#8217;analyser les diff\u00e9rents aspects de cette plateforme. Mon opinion sur royaltiz en 2024 est bas\u00e9e sur cette exp\u00e9rience personnelle et sur les retours d&#8217;autres utilisateurs.<!-- notionvc: 82579d5d-0e1a-4222-ad93-b5219d5416e1 --><\/p>\n<p>Lorsqu&#8217;un utilisateur s&#8217;inscrit sur royaltiz, il acc\u00e8de \u00e0 une vaste base de talents class\u00e9s par cat\u00e9gories, telles que le sport, le tennis, le divertissement, et bien d&#8217;autres. Chaque talent dispose d&#8217;une page d\u00e9di\u00e9e o\u00f9 les utilisateurs peuvent consulter des informations cl\u00e9s comme le prix actuel des ROYs, l&#8217;\u00e9volution de leur valeur, ou les rendements pass\u00e9s. <!-- notionvc: 731db649-963c-4117-86ef-92df0284ddfa --><\/p>\n<p>[\/et_pb_text][\/et_pb_column][\/et_pb_row][\/et_pb_section][et_pb_section fb_built=&#8221;1&#8243; admin_label=&#8221;Call to Action&#8221; _builder_version=&#8221;4.21.0&#8243; background_color=&#8221;gcid-b0afb9e7-00cb-4a3b-9bdf-e3137e7083ae&#8221; custom_padding=&#8221;||6vw||false|false&#8221; locked=&#8221;off&#8221; collapsed=&#8221;on&#8221; global_colors_info=&#8221;{}&#8221;][et_pb_row custom_padding_last_edited=&#8221;on|desktop&#8221; _builder_version=&#8221;4.27.0&#8243; background_color=&#8221;gcid-aca0a2e8-0de7-4ce9-88ea-510d38e23681&#8243; max_width=&#8221;1280px&#8221; overflow-x=&#8221;visible&#8221; overflow-y=&#8221;visible&#8221; custom_padding=&#8221;60px|100px|60px|100px|true|true&#8221; custom_padding_tablet=&#8221;30px|30px|30px|30px|true|true&#8221; custom_padding_phone=&#8221;20px|20px|20px|20px|true|true&#8221; border_radii=&#8221;on|30px|30px|30px|30px&#8221; global_colors_info=&#8221;{}&#8221;][et_pb_column type=&#8221;4_4&#8243; _builder_version=&#8221;4.21.0&#8243; global_colors_info=&#8221;{}&#8221;][et_pb_text _builder_version=&#8221;4.22.0&#8243; header_2_font=&#8221;Anton|||on|||||&#8221; header_2_text_color=&#8221;#000000&#8243; header_2_font_size=&#8221;60px&#8221; header_2_letter_spacing=&#8221;1px&#8221; header_2_line_height=&#8221;1.2em&#8221; custom_margin=&#8221;||10px||false|false&#8221; header_2_font_size_tablet=&#8221;32px&#8221; header_2_font_size_phone=&#8221;20px&#8221; header_2_font_size_last_edited=&#8221;on|desktop&#8221; global_colors_info=&#8221;{}&#8221;]<\/p>\n<h2><span data-token-index=\"0\" class=\"notion-enable-hover\">Acheter et vendre des ROYs<\/span><!-- notionvc: a886e828-6288-4839-8098-59b24eb1f052 --><br \/><!-- notionvc: 67151534-dc56-4a31-82a7-1b8380aa229c --><\/h2>\n<p>[\/et_pb_text][et_pb_text _builder_version=&#8221;4.16&#8243; text_font=&#8221;Inter||||||||&#8221; text_text_color=&#8221;gcid-b0afb9e7-00cb-4a3b-9bdf-e3137e7083ae&#8221; text_font_size=&#8221;16px&#8221; text_line_height=&#8221;1.8em&#8221; text_font_size_tablet=&#8221;15px&#8221; text_font_size_phone=&#8221;14px&#8221; text_font_size_last_edited=&#8221;on|desktop&#8221; global_colors_info=&#8221;{}&#8221;]<\/p>\n<p>Une fois qu&#8217;un talent est s\u00e9lectionn\u00e9, l&#8217;utilisateur peut acheter des ROYs, dont le prix fluctue en fonction de l&#8217;offre et de la demande. L&#8217;achat de ROYs est une \u00e9tape cruciale. C&#8217;est \u00e0 ce moment que l&#8217;utilisateur investit dans la carri\u00e8re d&#8217;un talent. Mais l&#8217;aventure ne s&#8217;arr\u00eate pas l\u00e0. Royaltiz propose une gamme d&#8217;outils d&#8217;analyse pour suivre les performances des ROYs en temps r\u00e9el. Ces outils incluent notamment des graphiques interactifs ou des rapports d\u00e9taill\u00e9s qui permettent aux utilisateurs de surveiller de pr\u00e8s leurs investissements et d&#8217;ajuster leur strat\u00e9gie en cons\u00e9quence.<\/p>\n<p>Par ailleurs, royaltiz permet aux utilisateurs de vendre leurs ROYs sur le march\u00e9 secondaire. Cette option permet de r\u00e9aliser des b\u00e9n\u00e9fices ou de r\u00e9duire les pertes en fonction de la situation du march\u00e9 et des performances du talent. Toutefois, la liquidit\u00e9 des ROYs peut varier en fonction de la demande, ce qui rend le timing de la vente crucial.<\/p>\n<p><!-- notionvc: a04bcbe7-3c9c-4309-a429-1c6532b5119b --><\/p>\n<p>[\/et_pb_text][\/et_pb_column][\/et_pb_row][et_pb_row custom_padding_last_edited=&#8221;on|desktop&#8221; _builder_version=&#8221;4.27.0&#8243; background_color=&#8221;gcid-aca0a2e8-0de7-4ce9-88ea-510d38e23681&#8243; max_width=&#8221;1280px&#8221; overflow-x=&#8221;visible&#8221; overflow-y=&#8221;visible&#8221; custom_padding=&#8221;60px|100px|60px|100px|true|true&#8221; custom_padding_tablet=&#8221;30px|30px|30px|30px|true|true&#8221; custom_padding_phone=&#8221;20px|20px|20px|20px|true|true&#8221; border_radii=&#8221;on|30px|30px|30px|30px&#8221; global_colors_info=&#8221;{}&#8221;][et_pb_column type=&#8221;4_4&#8243; _builder_version=&#8221;4.21.0&#8243; global_colors_info=&#8221;{}&#8221;][et_pb_text _builder_version=&#8221;4.22.0&#8243; header_2_font=&#8221;Anton|||on|||||&#8221; header_2_text_color=&#8221;#000000&#8243; header_2_font_size=&#8221;60px&#8221; header_2_letter_spacing=&#8221;1px&#8221; header_2_line_height=&#8221;1.2em&#8221; custom_margin=&#8221;||10px||false|false&#8221; header_2_font_size_tablet=&#8221;32px&#8221; header_2_font_size_phone=&#8221;20px&#8221; header_2_font_size_last_edited=&#8221;on|desktop&#8221; global_colors_info=&#8221;{}&#8221;]<\/p>\n<h2><span data-token-index=\"0\" class=\"notion-enable-hover\">Les rendements sur royaltiz<\/span><br \/><!-- notionvc: 67151534-dc56-4a31-82a7-1b8380aa229c --><\/h2>\n<p>[\/et_pb_text][et_pb_text _builder_version=&#8221;4.16&#8243; text_font=&#8221;Inter||||||||&#8221; text_text_color=&#8221;gcid-b0afb9e7-00cb-4a3b-9bdf-e3137e7083ae&#8221; text_font_size=&#8221;16px&#8221; text_line_height=&#8221;1.8em&#8221; text_font_size_tablet=&#8221;15px&#8221; text_font_size_phone=&#8221;14px&#8221; text_font_size_last_edited=&#8221;on|desktop&#8221; global_colors_info=&#8221;{}&#8221;]<\/p>\n<p>Un aspect unique de royaltiz est la distribution de rendements, appel\u00e9s &#8216;Yields&#8217;. Chaque mois, les d\u00e9tenteurs de ROYs re\u00e7oivent des rendements calcul\u00e9s en fonction de la performance du talent qui prend en compte les variations de salaire, la signature de nouveaux contrats publicitaires ou le taux d\u2019engagement. Ces Yields sont cr\u00e9dit\u00e9s sur le compte de l&#8217;utilisateur, offrant une source de revenu r\u00e9guli\u00e8re. Les utilisateurs ont ensuite la libert\u00e9 de r\u00e9investir ces rendements ou de les retirer, en fonction de leur strat\u00e9gie d&#8217;investissement.<!-- notionvc: 071bc80e-2333-4992-a6fd-70f6d0fa2a76 --><\/p>\n<p><!-- notionvc: a04bcbe7-3c9c-4309-a429-1c6532b5119b --><\/p>\n<p>[\/et_pb_text][\/et_pb_column][\/et_pb_row][et_pb_row custom_padding_last_edited=&#8221;on|desktop&#8221; _builder_version=&#8221;4.27.0&#8243; background_color=&#8221;gcid-aca0a2e8-0de7-4ce9-88ea-510d38e23681&#8243; max_width=&#8221;1280px&#8221; overflow-x=&#8221;visible&#8221; overflow-y=&#8221;visible&#8221; custom_padding=&#8221;60px|100px|60px|100px|true|true&#8221; custom_padding_tablet=&#8221;30px|30px|30px|30px|true|true&#8221; custom_padding_phone=&#8221;20px|20px|20px|20px|true|true&#8221; border_radii=&#8221;on|30px|30px|30px|30px&#8221; global_colors_info=&#8221;{}&#8221;][et_pb_column type=&#8221;4_4&#8243; _builder_version=&#8221;4.21.0&#8243; global_colors_info=&#8221;{}&#8221;][et_pb_text _builder_version=&#8221;4.22.0&#8243; header_2_font=&#8221;Anton|||on|||||&#8221; header_2_text_color=&#8221;#000000&#8243; header_2_font_size=&#8221;60px&#8221; header_2_letter_spacing=&#8221;1px&#8221; header_2_line_height=&#8221;1.2em&#8221; custom_margin=&#8221;||10px||false|false&#8221; header_2_font_size_tablet=&#8221;32px&#8221; header_2_font_size_phone=&#8221;20px&#8221; header_2_font_size_last_edited=&#8221;on|desktop&#8221; global_colors_info=&#8221;{}&#8221;]<\/p>\n<h2><span data-token-index=\"0\" class=\"notion-enable-hover\">Order book et Liquidity pool<\/span><!-- notionvc: 52aa3c22-c00a-4e26-ae53-ce840c7d0f23 --><br \/><!-- notionvc: 67151534-dc56-4a31-82a7-1b8380aa229c --><\/h2>\n<p>[\/et_pb_text][et_pb_text _builder_version=&#8221;4.16&#8243; text_font=&#8221;Inter||||||||&#8221; text_text_color=&#8221;gcid-b0afb9e7-00cb-4a3b-9bdf-e3137e7083ae&#8221; text_font_size=&#8221;16px&#8221; text_line_height=&#8221;1.8em&#8221; text_font_size_tablet=&#8221;15px&#8221; text_font_size_phone=&#8221;14px&#8221; text_font_size_last_edited=&#8221;on|desktop&#8221; global_colors_info=&#8221;{}&#8221;]<\/p>\n<p>Sur royaltiz, les talents disponibles pour l&#8217;investissement sont class\u00e9s en deux cat\u00e9gories principales : ceux en <strong>Order Book<\/strong> et ceux en <strong>Liquidity Pool<\/strong>. Cette distinction est essentielle pour comprendre comment fonctionne le march\u00e9 des ROYs et comment optimiser vos strat\u00e9gies d&#8217;investissement.<\/p>\n<p>Les talents en <strong>Order Book<\/strong> fonctionnent selon un carnet d&#8217;ordres, o\u00f9 les utilisateurs peuvent placer des ordres d&#8217;achat ou de vente. Les transactions ne sont ex\u00e9cut\u00e9es que lorsque l&#8217;offre et la demande se rencontrent au m\u00eame prix. Ce syst\u00e8me permet un contr\u00f4le pr\u00e9cis du prix d&#8217;achat ou de vente des ROYs, mais il peut parfois \u00eatre plus difficile de r\u00e9aliser la transaction, surtout si le talent est moins populaire. La liquidit\u00e9 peut donc \u00eatre limit\u00e9e, ce qui signifie que vendre vos ROYs peut prendre plus de temps.<\/p>\n<p>En revanche, les talents en <strong>Liquidity Pool<\/strong> offrent une plus grande souplesse. Ici, les utilisateurs peuvent acheter ou vendre des ROYs au prix du march\u00e9, qui est d\u00e9termin\u00e9 par la disponibilit\u00e9 imm\u00e9diate et la demande. Les transactions sont ex\u00e9cut\u00e9es instantan\u00e9ment, ce qui offre une meilleure liquidit\u00e9 et une plus grande rapidit\u00e9 d&#8217;ex\u00e9cution. Cela peut \u00eatre particuli\u00e8rement avantageux pour ceux qui cherchent \u00e0 entrer ou sortir rapidement d&#8217;un investissement sans se soucier de l&#8217;attente d&#8217;un acheteur ou d&#8217;un vendeur correspondant.<\/p>\n<p>En r\u00e9sum\u00e9, choisir entre un talent en Order Book ou en Liquidity Pool d\u00e9pend de votre strat\u00e9gie d&#8217;investissement. Si vous recherchez un contr\u00f4le pr\u00e9cis sur vos transactions, l&#8217;Order Book peut \u00eatre pr\u00e9f\u00e9rable. Si la rapidit\u00e9 et la liquidit\u00e9 sont vos priorit\u00e9s, alors les talents en Liquidity Pool seront plus adapt\u00e9s \u00e0 vos besoins.<!-- notionvc: 627f75a3-3fb4-4539-9795-cf522370e2d3 --><!-- notionvc: 071bc80e-2333-4992-a6fd-70f6d0fa2a76 --><\/p>\n<p><!-- notionvc: a04bcbe7-3c9c-4309-a429-1c6532b5119b --><\/p>\n<p>[\/et_pb_text][\/et_pb_column][\/et_pb_row][et_pb_row custom_padding_last_edited=&#8221;on|desktop&#8221; _builder_version=&#8221;4.27.0&#8243; background_color=&#8221;gcid-aca0a2e8-0de7-4ce9-88ea-510d38e23681&#8243; max_width=&#8221;1280px&#8221; overflow-x=&#8221;visible&#8221; overflow-y=&#8221;visible&#8221; custom_padding=&#8221;60px|100px|60px|100px|true|true&#8221; custom_padding_tablet=&#8221;30px|30px|30px|30px|true|true&#8221; custom_padding_phone=&#8221;20px|20px|20px|20px|true|true&#8221; border_radii=&#8221;on|30px|30px|30px|30px&#8221; global_colors_info=&#8221;{}&#8221;][et_pb_column type=&#8221;4_4&#8243; _builder_version=&#8221;4.21.0&#8243; global_colors_info=&#8221;{}&#8221;][et_pb_text _builder_version=&#8221;4.22.0&#8243; header_2_font=&#8221;Anton|||on|||||&#8221; header_2_text_color=&#8221;#000000&#8243; header_2_font_size=&#8221;60px&#8221; header_2_letter_spacing=&#8221;1px&#8221; header_2_line_height=&#8221;1.2em&#8221; custom_margin=&#8221;||10px||false|false&#8221; header_2_font_size_tablet=&#8221;32px&#8221; header_2_font_size_phone=&#8221;20px&#8221; header_2_font_size_last_edited=&#8221;on|desktop&#8221; global_colors_info=&#8221;{}&#8221;]<\/p>\n<h2><span data-token-index=\"0\" class=\"notion-enable-hover\">Les missions sur royaltiz<\/span><!-- notionvc: 91efb016-2cfc-4d9c-b019-04fdaa9ee969 --><br \/><!-- notionvc: 67151534-dc56-4a31-82a7-1b8380aa229c --><\/h2>\n<p>[\/et_pb_text][et_pb_text _builder_version=&#8221;4.16&#8243; text_font=&#8221;Inter||||||||&#8221; text_text_color=&#8221;gcid-b0afb9e7-00cb-4a3b-9bdf-e3137e7083ae&#8221; text_font_size=&#8221;16px&#8221; text_line_height=&#8221;1.8em&#8221; text_font_size_tablet=&#8221;15px&#8221; text_font_size_phone=&#8221;14px&#8221; text_font_size_last_edited=&#8221;on|desktop&#8221; global_colors_info=&#8221;{}&#8221;]<\/p>\n<p>Un autre aspect cl\u00e9 qui distingue royaltiz des autres plateformes d&#8217;investissement est l&#8217;int\u00e9gration de missions qui offrent aux utilisateurs des opportunit\u00e9s suppl\u00e9mentaires de gains et d&#8217;engagement. Ces missions sont con\u00e7ues pour dynamiser le march\u00e9 en incitant les utilisateurs \u00e0 atteindre des objectifs sp\u00e9cifiques, comme acheter un certain nombre de ROYs ou parrainer des nouveaux utilisateurs. Royaltiz propose aussi de participer \u00e0 des \u00e9v\u00e9nements sp\u00e9ciaux comme le &#8216;Yield Blitz&#8217; ou le &#8216;ROY Day&#8217;. En accomplissant ces missions, les utilisateurs peuvent non seulement maximiser leurs rendements, mais aussi b\u00e9n\u00e9ficier de bonus exclusifs tels que des r\u00e9ductions sur les frais de transaction ou des ROYs gratuits. Ces missions ajoutent une dimension ludique \u00e0 l&#8217;exp\u00e9rience d&#8217;investissement sur royaltiz, rendant l&#8217;ensemble du processus encore plus interactif et potentiellement lucratif pour les utilisateurs actifs.<\/p>\n<p>Royaltiz se pr\u00e9sente donc comme une plateforme d&#8217;investissement innovante et flexible, offrant des opportunit\u00e9s uniques \u00e0 ceux qui souhaitent investir dans les talents humains. Il est cependant essentiel de bien comprendre le fonctionnement de la plateforme et d&#8217;utiliser les outils \u00e0 disposition pour maximiser vos gains. Gr\u00e2ce \u00e0 ses rendements r\u00e9guliers et ses missions, royaltiz permet \u00e0 chaque utilisateur d&#8217;adapter sa strat\u00e9gie d&#8217;investissement selon ses objectifs et son app\u00e9tit pour le risque.<!-- notionvc: 2b34bfae-90c5-4259-a5cf-eaee823aa65f --><\/p>\n<p><!-- notionvc: 627f75a3-3fb4-4539-9795-cf522370e2d3 --><!-- notionvc: 071bc80e-2333-4992-a6fd-70f6d0fa2a76 --><\/p>\n<p><!-- notionvc: a04bcbe7-3c9c-4309-a429-1c6532b5119b --><\/p>\n<p>[\/et_pb_text][\/et_pb_column][\/et_pb_row][\/et_pb_section]<\/p>\n","protected":false},"excerpt":{"rendered":"<p>Comprendre le fonctionnement de royaltiz En tant qu&#8217;utilisateur de royaltiz, j&#8217;ai eu l&#8217;occasion de tester et d&#8217;analyser les diff\u00e9rents aspects de cette plateforme. Mon opinion sur royaltiz en 2024 est bas\u00e9e sur cette exp\u00e9rience personnelle et sur les retours d&#8217;autres utilisateurs. Lorsqu&#8217;un utilisateur s&#8217;inscrit sur royaltiz, il acc\u00e8de \u00e0 une vaste base de talents class\u00e9s [&hellip;]<\/p>\n","protected":false},"author":1,"featured_media":0,"parent":0,"menu_order":0,"comment_status":"closed","ping_status":"closed","template":"","meta":{"_et_pb_use_builder":"on","_et_pb_old_content":"","_et_gb_content_width":"","om_disable_all_campaigns":false,"_monsterinsights_skip_tracking":false,"_monsterinsights_sitenote_active":false,"_monsterinsights_sitenote_note":"","_monsterinsights_sitenote_category":0,"footnotes":""},"class_list":["post-85","page","type-page","status-publish","hentry"],"aioseo_notices":[],"_links":{"self":[{"href":"https:\/\/www.royaltiz-critique.com\/index.php\/wp-json\/wp\/v2\/pages\/85","targetHints":{"allow":["GET"]}}],"collection":[{"href":"https:\/\/www.royaltiz-critique.com\/index.php\/wp-json\/wp\/v2\/pages"}],"about":[{"href":"https:\/\/www.royaltiz-critique.com\/index.php\/wp-json\/wp\/v2\/types\/page"}],"author":[{"embeddable":true,"href":"https:\/\/www.royaltiz-critique.com\/index.php\/wp-json\/wp\/v2\/users\/1"}],"replies":[{"embeddable":true,"href":"https:\/\/www.royaltiz-critique.com\/index.php\/wp-json\/wp\/v2\/comments?post=85"}],"version-history":[{"count":10,"href":"https:\/\/www.royaltiz-critique.com\/index.php\/wp-json\/wp\/v2\/pages\/85\/revisions"}],"predecessor-version":[{"id":235,"href":"https:\/\/www.royaltiz-critique.com\/index.php\/wp-json\/wp\/v2\/pages\/85\/revisions\/235"}],"wp:attachment":[{"href":"https:\/\/www.royaltiz-critique.com\/index.php\/wp-json\/wp\/v2\/media?parent=85"}],"curies":[{"name":"wp","href":"https:\/\/api.w.org\/{rel}","templated":true}]}}